{"id":26300,"date":"2022-03-08T19:51:10","date_gmt":"2022-03-08T19:51:10","guid":{"rendered":"https:\/\/aproquen.org\/?page_id=26300"},"modified":"2024-03-05T22:59:02","modified_gmt":"2024-03-05T22:59:02","slug":"vivian-pellas-bio","status":"publish","type":"page","link":"https:\/\/aproquen.org\/en\/vivian-pellas-bio\/","title":{"rendered":"Vivian Pellas &#8211; Bio"},"content":{"rendered":"\t\t<div data-elementor-type=\"wp-page\" data-elementor-id=\"26300\" class=\"elementor elementor-26300 elementor-21040\">\n\t\t\t\t\t\t<section class=\"elementor-section elementor-top-section elementor-element elementor-element-e5d267b elementor-section-full_width elementor-section-height-default elementor-section-height-default\" data-id=\"e5d267b\" data-element_type=\"section\" data-e-type=\"section\">\n\t\t\t\t\t\t<div class=\"elementor-container elementor-column-gap-default\">\n\t\t\t\t\t<div class=\"elementor-column elementor-col-50 elementor-top-column elementor-element elementor-element-e64dfc1\" data-id=\"e64dfc1\" data-element_type=\"column\" data-e-type=\"column\">\n\t\t\t<div class=\"elementor-widget-wrap elementor-element-populated\">\n\t\t\t\t\t\t<div class=\"elementor-element elementor-element-67d6a43 elementor-widget elementor-widget-text-editor\" data-id=\"67d6a43\" data-element_type=\"widget\" data-e-type=\"widget\" data-widget_type=\"text-editor.default\">\n\t\t\t\t<div class=\"elementor-widget-container\">\n\t\t\t\t\t\t\t\t\t<p>\u201cNi\u00f1o\u2026 Te har\u00e9 sombra con mis cabellos, y en el aire buscar\u00e9 un aliento que mitigue el dolor. Y si el fuego a\u00fan abrasa, lo apagar\u00e9 con mis l\u00e1grimas. \u201c<\/p>\t\t\t\t\t\t\t\t<\/div>\n\t\t\t\t<\/div>\n\t\t\t\t<div class=\"elementor-element elementor-element-b0539d7 elementor-widget elementor-widget-heading\" data-id=\"b0539d7\" data-element_type=\"widget\" data-e-type=\"widget\" data-widget_type=\"heading.default\">\n\t\t\t\t<div class=\"elementor-widget-container\">\n\t\t\t\t\t<h2 class=\"elementor-heading-title elementor-size-default\">Vivian Pellas<\/h2>\t\t\t\t<\/div>\n\t\t\t\t<\/div>\n\t\t\t\t\t<\/div>\n\t\t<\/div>\n\t\t\t\t<div class=\"elementor-column elementor-col-50 elementor-top-column elementor-element elementor-element-aa62695\" data-id=\"aa62695\" data-element_type=\"column\" data-e-type=\"column\" data-settings=\"{&quot;background_background&quot;:&quot;classic&quot;}\">\n\t\t\t<div class=\"elementor-widget-wrap elementor-element-populated\">\n\t\t\t\t\t\t<div class=\"elementor-element elementor-element-9bf2f88 elementor-widget elementor-widget-image\" data-id=\"9bf2f88\" data-element_type=\"widget\" data-e-type=\"widget\" data-widget_type=\"image.default\">\n\t\t\t\t<div class=\"elementor-widget-container\">\n\t\t\t\t\t\t\t\t\t\t\t\t\t\t\t<img fetchpriority=\"high\" decoding=\"async\" width=\"529\" height=\"568\" src=\"https:\/\/aproquen.org\/wp-content\/uploads\/2022\/03\/vp-bio-min.jpg\" class=\"attachment-full size-full wp-image-25708\" alt=\"\" srcset=\"https:\/\/aproquen.org\/wp-content\/uploads\/2022\/03\/vp-bio-min.jpg 529w, https:\/\/aproquen.org\/wp-content\/uploads\/2022\/03\/vp-bio-min-279x300.jpg 279w\" sizes=\"(max-width: 529px) 100vw, 529px\" \/>\t\t\t\t\t\t\t\t\t\t\t\t\t\t\t<\/div>\n\t\t\t\t<\/div>\n\t\t\t\t\t<\/div>\n\t\t<\/div>\n\t\t\t\t\t<\/div>\n\t\t<\/section>\n\t\t\t\t<section class=\"elementor-section elementor-top-section elementor-element elementor-element-a03ce75 elementor-section-full_width elementor-section-height-default elementor-section-height-default\" data-id=\"a03ce75\" data-element_type=\"section\" data-e-type=\"section\" data-settings=\"{&quot;background_background&quot;:&quot;classic&quot;}\">\n\t\t\t\t\t\t<div class=\"elementor-container elementor-column-gap-default\">\n\t\t\t\t\t<div class=\"elementor-column elementor-col-50 elementor-top-column elementor-element elementor-element-4c5fa28\" data-id=\"4c5fa28\" data-element_type=\"column\" data-e-type=\"column\">\n\t\t\t<div class=\"elementor-widget-wrap elementor-element-populated\">\n\t\t\t\t\t\t<div class=\"elementor-element elementor-element-5125f73 elementor-widget elementor-widget-text-editor\" data-id=\"5125f73\" data-element_type=\"widget\" data-e-type=\"widget\" data-widget_type=\"text-editor.default\">\n\t\t\t\t<div class=\"elementor-widget-container\">\n\t\t\t\t\t\t\t\t\t<span style=\"color: #454891;\">A Story<\/span> <span style=\"color: #ffffff;\">of FAITH, LOVE AND HOPE<\/span>\t\t\t\t\t\t\t\t<\/div>\n\t\t\t\t<\/div>\n\t\t\t\t<div class=\"elementor-element elementor-element-d53c238 elementor-widget elementor-widget-text-editor\" data-id=\"d53c238\" data-element_type=\"widget\" data-e-type=\"widget\" data-widget_type=\"text-editor.default\">\n\t\t\t\t<div class=\"elementor-widget-container\">\n\t\t\t\t\t\t\t\t\t<p>She faced the hardest trials and, with her immense faith, she not only overcame death but now saves lives and mitigates suffering of many children with the creation of a Pediatric Burn Care Unit in Nicaragua.<\/p><p>The funds raised from the sales of this book, will be donated to a foundation for burned children in all the countries where it is sold.<\/p>\t\t\t\t\t\t\t\t<\/div>\n\t\t\t\t<\/div>\n\t\t\t\t<div class=\"elementor-element elementor-element-8a5841e elementor-align-center elementor-widget elementor-widget-button\" data-id=\"8a5841e\" data-element_type=\"widget\" data-e-type=\"widget\" data-widget_type=\"button.default\">\n\t\t\t\t<div class=\"elementor-widget-container\">\n\t\t\t\t\t\t\t\t\t<div class=\"elementor-button-wrapper\">\n\t\t\t\t\t<a class=\"elementor-button elementor-button-link elementor-size-sm\" href=\"https:\/\/www.vivianpellas.net\/\">\n\t\t\t\t\t\t<span class=\"elementor-button-content-wrapper\">\n\t\t\t\t\t\t\t\t\t<span class=\"elementor-button-text\">\u00a1Buy now!<\/span>\n\t\t\t\t\t<\/span>\n\t\t\t\t\t<\/a>\n\t\t\t\t<\/div>\n\t\t\t\t\t\t\t\t<\/div>\n\t\t\t\t<\/div>\n\t\t\t\t\t<\/div>\n\t\t<\/div>\n\t\t\t\t<div class=\"elementor-column elementor-col-50 elementor-top-column elementor-element elementor-element-e5b95a1\" data-id=\"e5b95a1\" data-element_type=\"column\" data-e-type=\"column\">\n\t\t\t<div class=\"elementor-widget-wrap elementor-element-populated\">\n\t\t\t\t\t\t<div class=\"elementor-element elementor-element-abf56bc elementor-widget elementor-widget-image\" data-id=\"abf56bc\" data-element_type=\"widget\" data-e-type=\"widget\" data-widget_type=\"image.default\">\n\t\t\t\t<div class=\"elementor-widget-container\">\n\t\t\t\t\t\t\t\t\t\t\t\t\t\t\t<img decoding=\"async\" width=\"481\" height=\"590\" src=\"https:\/\/aproquen.org\/wp-content\/uploads\/2022\/03\/VPBiografia_Seccion2-min.png\" class=\"attachment-full size-full wp-image-25710\" alt=\"\" srcset=\"https:\/\/aproquen.org\/wp-content\/uploads\/2022\/03\/VPBiografia_Seccion2-min.png 481w, https:\/\/aproquen.org\/wp-content\/uploads\/2022\/03\/VPBiografia_Seccion2-min-245x300.png 245w\" sizes=\"(max-width: 481px) 100vw, 481px\" \/>\t\t\t\t\t\t\t\t\t\t\t\t\t\t\t<\/div>\n\t\t\t\t<\/div>\n\t\t\t\t\t<\/div>\n\t\t<\/div>\n\t\t\t\t\t<\/div>\n\t\t<\/section>\n\t\t\t\t<section class=\"elementor-section elementor-top-section elementor-element elementor-element-cc7304a elementor-section-boxed elementor-section-height-default elementor-section-height-default\" data-id=\"cc7304a\" data-element_type=\"section\" data-e-type=\"section\" data-settings=\"{&quot;background_background&quot;:&quot;classic&quot;}\">\n\t\t\t\t\t\t<div class=\"elementor-container elementor-column-gap-default\">\n\t\t\t\t\t<div class=\"elementor-column elementor-col-100 elementor-top-column elementor-element elementor-element-fa8394b\" data-id=\"fa8394b\" data-element_type=\"column\" data-e-type=\"column\">\n\t\t\t<div class=\"elementor-widget-wrap elementor-element-populated\">\n\t\t\t\t\t\t<div class=\"elementor-element elementor-element-5da9c34 elementor-widget elementor-widget-heading\" data-id=\"5da9c34\" data-element_type=\"widget\" data-e-type=\"widget\" data-widget_type=\"heading.default\">\n\t\t\t\t<div class=\"elementor-widget-container\">\n\t\t\t\t\t<h2 class=\"elementor-heading-title elementor-size-default\">Other ways to contribute to our mission<\/h2>\t\t\t\t<\/div>\n\t\t\t\t<\/div>\n\t\t\t\t\t<\/div>\n\t\t<\/div>\n\t\t\t\t\t<\/div>\n\t\t<\/section>\n\t\t\t\t<section class=\"elementor-section elementor-top-section elementor-element elementor-element-e630d60 elementor-section-boxed elementor-section-height-default elementor-section-height-default\" data-id=\"e630d60\" data-element_type=\"section\" data-e-type=\"section\" data-settings=\"{&quot;background_background&quot;:&quot;classic&quot;}\">\n\t\t\t\t\t\t<div class=\"elementor-container elementor-column-gap-default\">\n\t\t\t\t\t<div class=\"elementor-column elementor-col-50 elementor-top-column elementor-element elementor-element-73a1dde\" data-id=\"73a1dde\" data-element_type=\"column\" data-e-type=\"column\">\n\t\t\t<div class=\"elementor-widget-wrap elementor-element-populated\">\n\t\t\t\t\t\t<div class=\"elementor-element elementor-element-8a4b46c elementor-widget elementor-widget-image\" data-id=\"8a4b46c\" data-element_type=\"widget\" data-e-type=\"widget\" data-widget_type=\"image.default\">\n\t\t\t\t<div class=\"elementor-widget-container\">\n\t\t\t\t\t\t\t\t\t\t\t\t\t\t\t<img decoding=\"async\" width=\"232\" height=\"246\" src=\"https:\/\/aproquen.org\/wp-content\/uploads\/2022\/03\/Boton_Tarjeta.png\" class=\"attachment-full size-full wp-image-25782\" alt=\"\" \/>\t\t\t\t\t\t\t\t\t\t\t\t\t\t\t<\/div>\n\t\t\t\t<\/div>\n\t\t\t\t<div class=\"elementor-element elementor-element-23a5ba9 elementor-align-center elementor-widget elementor-widget-button\" data-id=\"23a5ba9\" data-element_type=\"widget\" data-e-type=\"widget\" data-widget_type=\"button.default\">\n\t\t\t\t<div class=\"elementor-widget-container\">\n\t\t\t\t\t\t\t\t\t<div class=\"elementor-button-wrapper\">\n\t\t\t\t\t<a class=\"elementor-button elementor-button-link elementor-size-sm\" href=\"https:\/\/aproquen.org\/en\/aproquen-bac-credomatic-card\">\n\t\t\t\t\t\t<span class=\"elementor-button-content-wrapper\">\n\t\t\t\t\t\t\t\t\t<span class=\"elementor-button-text\">CREDOMATIC Card<\/span>\n\t\t\t\t\t<\/span>\n\t\t\t\t\t<\/a>\n\t\t\t\t<\/div>\n\t\t\t\t\t\t\t\t<\/div>\n\t\t\t\t<\/div>\n\t\t\t\t\t<\/div>\n\t\t<\/div>\n\t\t\t\t<div class=\"elementor-column elementor-col-50 elementor-top-column elementor-element elementor-element-9f279d1\" data-id=\"9f279d1\" data-element_type=\"column\" data-e-type=\"column\">\n\t\t\t<div class=\"elementor-widget-wrap elementor-element-populated\">\n\t\t\t\t\t\t<div class=\"elementor-element elementor-element-dfa5a4d elementor-widget elementor-widget-image\" data-id=\"dfa5a4d\" data-element_type=\"widget\" data-e-type=\"widget\" data-widget_type=\"image.default\">\n\t\t\t\t<div class=\"elementor-widget-container\">\n\t\t\t\t\t\t\t\t\t\t\t\t\t\t\t<img loading=\"lazy\" decoding=\"async\" width=\"232\" height=\"246\" src=\"https:\/\/aproquen.org\/wp-content\/uploads\/2022\/03\/Boton_MDA-min.png\" class=\"attachment-full size-full wp-image-25702\" alt=\"\" \/>\t\t\t\t\t\t\t\t\t\t\t\t\t\t\t<\/div>\n\t\t\t\t<\/div>\n\t\t\t\t<div class=\"elementor-element elementor-element-3455f5e elementor-align-center elementor-widget elementor-widget-button\" data-id=\"3455f5e\" data-element_type=\"widget\" data-e-type=\"widget\" data-widget_type=\"button.default\">\n\t\t\t\t<div class=\"elementor-widget-container\">\n\t\t\t\t\t\t\t\t\t<div class=\"elementor-button-wrapper\">\n\t\t\t\t\t<a class=\"elementor-button elementor-button-link elementor-size-sm\" href=\"https:\/\/aproquen.org\/en\/my-aproquen-day\">\n\t\t\t\t\t\t<span class=\"elementor-button-content-wrapper\">\n\t\t\t\t\t\t\t\t\t<span class=\"elementor-button-text\">My APROQUEN Day<\/span>\n\t\t\t\t\t<\/span>\n\t\t\t\t\t<\/a>\n\t\t\t\t<\/div>\n\t\t\t\t\t\t\t\t<\/div>\n\t\t\t\t<\/div>\n\t\t\t\t\t<\/div>\n\t\t<\/div>\n\t\t\t\t\t<\/div>\n\t\t<\/section>\n\t\t\t\t<section class=\"elementor-section elementor-top-section elementor-element elementor-element-94c2f2d elementor-section-boxed elementor-section-height-default elementor-section-height-default\" data-id=\"94c2f2d\" data-element_type=\"section\" data-e-type=\"section\" data-settings=\"{&quot;background_background&quot;:&quot;classic&quot;}\">\n\t\t\t\t\t\t<div class=\"elementor-container elementor-column-gap-default\">\n\t\t\t\t\t<div class=\"elementor-column elementor-col-100 elementor-top-column elementor-element elementor-element-c08c4ad\" data-id=\"c08c4ad\" data-element_type=\"column\" data-e-type=\"column\">\n\t\t\t<div class=\"elementor-widget-wrap elementor-element-populated\">\n\t\t\t\t\t\t\t<\/div>\n\t\t<\/div>\n\t\t\t\t\t<\/div>\n\t\t<\/section>\n\t\t\t\t<\/div>\n\t\t","protected":false},"excerpt":{"rendered":"<p>\u201cNi\u00f1o\u2026 Te har\u00e9 sombra con mis cabellos, y en el aire buscar\u00e9 un aliento que mitigue el dolor. Y si el fuego a\u00fan abrasa, lo apagar\u00e9 con mis l\u00e1grimas. \u201c Vivian Pellas A Story of FAITH, LOVE AND HOPE She faced the hardest trials and, with her immense faith, she not only overcame death but [&hellip;]<\/p>\n","protected":false},"author":1,"featured_media":0,"parent":0,"menu_order":0,"comment_status":"closed","ping_status":"closed","template":"elementor_header_footer","meta":{"footnotes":""},"class_list":["post-26300","page","type-page","status-publish","hentry","entry"],"yoast_head":"<!-- This site is optimized with the Yoast SEO plugin v27.1.1 - https:\/\/yoast.com\/product\/yoast-seo-wordpress\/ -->\n<title>Vivian Pellas - Bio - APROQUEN<\/title>\n<meta name=\"robots\" content=\"index, follow, max-snippet:-1, max-image-preview:large, max-video-preview:-1\" \/>\n<link rel=\"canonical\" href=\"https:\/\/aproquen.org\/en\/vivian-pellas-bio\/\" \/>\n<meta property=\"og:locale\" content=\"en_US\" \/>\n<meta property=\"og:type\" content=\"article\" \/>\n<meta property=\"og:title\" content=\"Vivian Pellas - Bio - APROQUEN\" \/>\n<meta property=\"og:description\" content=\"\u201cNi\u00f1o\u2026 Te har\u00e9 sombra con mis cabellos, y en el aire buscar\u00e9 un aliento que mitigue el dolor. Y si el fuego a\u00fan abrasa, lo apagar\u00e9 con mis l\u00e1grimas. \u201c Vivian Pellas A Story of FAITH, LOVE AND HOPE She faced the hardest trials and, with her immense faith, she not only overcame death but [&hellip;]\" \/>\n<meta property=\"og:url\" content=\"https:\/\/aproquen.org\/en\/vivian-pellas-bio\/\" \/>\n<meta property=\"og:site_name\" content=\"APROQUEN\" \/>\n<meta property=\"article:modified_time\" content=\"2024-03-05T22:59:02+00:00\" \/>\n<meta property=\"og:image\" content=\"https:\/\/aproquen.org\/wp-content\/uploads\/2022\/03\/vp-bio-min.jpg\" \/>\n<meta name=\"twitter:card\" content=\"summary_large_image\" \/>\n<meta name=\"twitter:label1\" content=\"Est. reading time\" \/>\n\t<meta name=\"twitter:data1\" content=\"2 minutes\" \/>\n<script type=\"application\/ld+json\" class=\"yoast-schema-graph\">{\"@context\":\"https:\/\/schema.org\",\"@graph\":[{\"@type\":\"WebPage\",\"@id\":\"https:\/\/aproquen.org\/en\/vivian-pellas-bio\/\",\"url\":\"https:\/\/aproquen.org\/en\/vivian-pellas-bio\/\",\"name\":\"Vivian Pellas - Bio - APROQUEN\",\"isPartOf\":{\"@id\":\"https:\/\/aproquen.org\/#website\"},\"primaryImageOfPage\":{\"@id\":\"https:\/\/aproquen.org\/en\/vivian-pellas-bio\/#primaryimage\"},\"image\":{\"@id\":\"https:\/\/aproquen.org\/en\/vivian-pellas-bio\/#primaryimage\"},\"thumbnailUrl\":\"https:\/\/aproquen.org\/wp-content\/uploads\/2022\/03\/vp-bio-min.jpg\",\"datePublished\":\"2022-03-08T19:51:10+00:00\",\"dateModified\":\"2024-03-05T22:59:02+00:00\",\"inLanguage\":\"en-US\",\"potentialAction\":[{\"@type\":\"ReadAction\",\"target\":[\"https:\/\/aproquen.org\/en\/vivian-pellas-bio\/\"]}]},{\"@type\":\"ImageObject\",\"inLanguage\":\"en-US\",\"@id\":\"https:\/\/aproquen.org\/en\/vivian-pellas-bio\/#primaryimage\",\"url\":\"https:\/\/aproquen.org\/wp-content\/uploads\/2022\/03\/vp-bio-min.jpg\",\"contentUrl\":\"https:\/\/aproquen.org\/wp-content\/uploads\/2022\/03\/vp-bio-min.jpg\"},{\"@type\":\"WebSite\",\"@id\":\"https:\/\/aproquen.org\/#website\",\"url\":\"https:\/\/aproquen.org\/\",\"name\":\"APROQUEN\",\"description\":\"Ni\u00f1os quemados de nicaragua\",\"publisher\":{\"@id\":\"https:\/\/aproquen.org\/#organization\"},\"potentialAction\":[{\"@type\":\"SearchAction\",\"target\":{\"@type\":\"EntryPoint\",\"urlTemplate\":\"https:\/\/aproquen.org\/?s={search_term_string}\"},\"query-input\":{\"@type\":\"PropertyValueSpecification\",\"valueRequired\":true,\"valueName\":\"search_term_string\"}}],\"inLanguage\":\"en-US\"},{\"@type\":\"Organization\",\"@id\":\"https:\/\/aproquen.org\/#organization\",\"name\":\"APROQUEN\",\"url\":\"https:\/\/aproquen.org\/\",\"logo\":{\"@type\":\"ImageObject\",\"inLanguage\":\"en-US\",\"@id\":\"https:\/\/aproquen.org\/#\/schema\/logo\/image\/\",\"url\":\"https:\/\/aproquen.org\/wp-content\/uploads\/2021\/06\/pmr-logo.png\",\"contentUrl\":\"https:\/\/aproquen.org\/wp-content\/uploads\/2021\/06\/pmr-logo.png\",\"width\":182,\"height\":62,\"caption\":\"APROQUEN\"},\"image\":{\"@id\":\"https:\/\/aproquen.org\/#\/schema\/logo\/image\/\"}}]}<\/script>\n<!-- \/ Yoast SEO plugin. -->","yoast_head_json":{"title":"Vivian Pellas - Bio - APROQUEN","robots":{"index":"index","follow":"follow","max-snippet":"max-snippet:-1","max-image-preview":"max-image-preview:large","max-video-preview":"max-video-preview:-1"},"canonical":"https:\/\/aproquen.org\/en\/vivian-pellas-bio\/","og_locale":"en_US","og_type":"article","og_title":"Vivian Pellas - Bio - APROQUEN","og_description":"\u201cNi\u00f1o\u2026 Te har\u00e9 sombra con mis cabellos, y en el aire buscar\u00e9 un aliento que mitigue el dolor. Y si el fuego a\u00fan abrasa, lo apagar\u00e9 con mis l\u00e1grimas. \u201c Vivian Pellas A Story of FAITH, LOVE AND HOPE She faced the hardest trials and, with her immense faith, she not only overcame death but [&hellip;]","og_url":"https:\/\/aproquen.org\/en\/vivian-pellas-bio\/","og_site_name":"APROQUEN","article_modified_time":"2024-03-05T22:59:02+00:00","og_image":[{"url":"https:\/\/aproquen.org\/wp-content\/uploads\/2022\/03\/vp-bio-min.jpg","type":"","width":"","height":""}],"twitter_card":"summary_large_image","twitter_misc":{"Est. reading time":"2 minutes"},"schema":{"@context":"https:\/\/schema.org","@graph":[{"@type":"WebPage","@id":"https:\/\/aproquen.org\/en\/vivian-pellas-bio\/","url":"https:\/\/aproquen.org\/en\/vivian-pellas-bio\/","name":"Vivian Pellas - Bio - APROQUEN","isPartOf":{"@id":"https:\/\/aproquen.org\/#website"},"primaryImageOfPage":{"@id":"https:\/\/aproquen.org\/en\/vivian-pellas-bio\/#primaryimage"},"image":{"@id":"https:\/\/aproquen.org\/en\/vivian-pellas-bio\/#primaryimage"},"thumbnailUrl":"https:\/\/aproquen.org\/wp-content\/uploads\/2022\/03\/vp-bio-min.jpg","datePublished":"2022-03-08T19:51:10+00:00","dateModified":"2024-03-05T22:59:02+00:00","inLanguage":"en-US","potentialAction":[{"@type":"ReadAction","target":["https:\/\/aproquen.org\/en\/vivian-pellas-bio\/"]}]},{"@type":"ImageObject","inLanguage":"en-US","@id":"https:\/\/aproquen.org\/en\/vivian-pellas-bio\/#primaryimage","url":"https:\/\/aproquen.org\/wp-content\/uploads\/2022\/03\/vp-bio-min.jpg","contentUrl":"https:\/\/aproquen.org\/wp-content\/uploads\/2022\/03\/vp-bio-min.jpg"},{"@type":"WebSite","@id":"https:\/\/aproquen.org\/#website","url":"https:\/\/aproquen.org\/","name":"APROQUEN","description":"Ni\u00f1os quemados de nicaragua","publisher":{"@id":"https:\/\/aproquen.org\/#organization"},"potentialAction":[{"@type":"SearchAction","target":{"@type":"EntryPoint","urlTemplate":"https:\/\/aproquen.org\/?s={search_term_string}"},"query-input":{"@type":"PropertyValueSpecification","valueRequired":true,"valueName":"search_term_string"}}],"inLanguage":"en-US"},{"@type":"Organization","@id":"https:\/\/aproquen.org\/#organization","name":"APROQUEN","url":"https:\/\/aproquen.org\/","logo":{"@type":"ImageObject","inLanguage":"en-US","@id":"https:\/\/aproquen.org\/#\/schema\/logo\/image\/","url":"https:\/\/aproquen.org\/wp-content\/uploads\/2021\/06\/pmr-logo.png","contentUrl":"https:\/\/aproquen.org\/wp-content\/uploads\/2021\/06\/pmr-logo.png","width":182,"height":62,"caption":"APROQUEN"},"image":{"@id":"https:\/\/aproquen.org\/#\/schema\/logo\/image\/"}}]}},"_links":{"self":[{"href":"https:\/\/aproquen.org\/en\/wp-json\/wp\/v2\/pages\/26300","targetHints":{"allow":["GET"]}}],"collection":[{"href":"https:\/\/aproquen.org\/en\/wp-json\/wp\/v2\/pages"}],"about":[{"href":"https:\/\/aproquen.org\/en\/wp-json\/wp\/v2\/types\/page"}],"author":[{"embeddable":true,"href":"https:\/\/aproquen.org\/en\/wp-json\/wp\/v2\/users\/1"}],"replies":[{"embeddable":true,"href":"https:\/\/aproquen.org\/en\/wp-json\/wp\/v2\/comments?post=26300"}],"version-history":[{"count":25,"href":"https:\/\/aproquen.org\/en\/wp-json\/wp\/v2\/pages\/26300\/revisions"}],"predecessor-version":[{"id":28820,"href":"https:\/\/aproquen.org\/en\/wp-json\/wp\/v2\/pages\/26300\/revisions\/28820"}],"wp:attachment":[{"href":"https:\/\/aproquen.org\/en\/wp-json\/wp\/v2\/media?parent=26300"}],"curies":[{"name":"wp","href":"https:\/\/api.w.org\/{rel}","templated":true}]}}