{"id":26012,"date":"2022-03-03T17:38:28","date_gmt":"2022-03-03T17:38:28","guid":{"rendered":"https:\/\/aproquen.org\/?page_id=26012"},"modified":"2024-02-14T15:36:39","modified_gmt":"2024-02-14T15:36:39","slug":"cleft-lip-palate","status":"publish","type":"page","link":"https:\/\/aproquen.org\/en\/cleft-lip-palate\/","title":{"rendered":"Cleft Lip &#038; Palate\ufffc"},"content":{"rendered":"\t\t<div data-elementor-type=\"wp-page\" data-elementor-id=\"26012\" class=\"elementor elementor-26012 elementor-19103\">\n\t\t\t\t\t\t<section class=\"elementor-section elementor-top-section elementor-element elementor-element-0950bed elementor-section-boxed elementor-section-height-default elementor-section-height-default\" data-id=\"0950bed\" data-element_type=\"section\" data-e-type=\"section\">\n\t\t\t\t\t\t<div class=\"elementor-container elementor-column-gap-default\">\n\t\t\t\t\t<div class=\"elementor-column elementor-col-100 elementor-top-column elementor-element elementor-element-f381273\" data-id=\"f381273\" data-element_type=\"column\" data-e-type=\"column\">\n\t\t\t<div class=\"elementor-widget-wrap elementor-element-populated\">\n\t\t\t\t\t\t<div class=\"elementor-element elementor-element-bf77a5c elementor-widget elementor-widget-heading\" data-id=\"bf77a5c\" data-element_type=\"widget\" data-e-type=\"widget\" data-widget_type=\"heading.default\">\n\t\t\t\t<div class=\"elementor-widget-container\">\n\t\t\t\t\t<h2 class=\"elementor-heading-title elementor-size-default\">Cleft Lip &amp; Palate Program<\/h2>\t\t\t\t<\/div>\n\t\t\t\t<\/div>\n\t\t\t\t\t<\/div>\n\t\t<\/div>\n\t\t\t\t\t<\/div>\n\t\t<\/section>\n\t\t\t\t<section class=\"elementor-section elementor-top-section elementor-element elementor-element-5e6e0f3 elementor-section-boxed elementor-section-height-default elementor-section-height-default\" data-id=\"5e6e0f3\" data-element_type=\"section\" data-e-type=\"section\">\n\t\t\t\t\t\t<div class=\"elementor-container elementor-column-gap-default\">\n\t\t\t\t\t<div class=\"elementor-column elementor-col-33 elementor-top-column elementor-element elementor-element-556b190\" data-id=\"556b190\" data-element_type=\"column\" data-e-type=\"column\">\n\t\t\t<div class=\"elementor-widget-wrap elementor-element-populated\">\n\t\t\t\t\t\t<div class=\"elementor-element elementor-element-0c5858f elementor-widget elementor-widget-image\" data-id=\"0c5858f\" data-element_type=\"widget\" data-e-type=\"widget\" data-widget_type=\"image.default\">\n\t\t\t\t<div class=\"elementor-widget-container\">\n\t\t\t\t\t\t\t\t\t\t\t\t\t\t\t<img fetchpriority=\"high\" decoding=\"async\" width=\"357\" height=\"229\" src=\"https:\/\/aproquen.org\/wp-content\/uploads\/2024\/02\/Ing_ProgramaLPH_01.jpg\" class=\"attachment-full size-full wp-image-28511\" alt=\"\" srcset=\"https:\/\/aproquen.org\/wp-content\/uploads\/2024\/02\/Ing_ProgramaLPH_01.jpg 357w, https:\/\/aproquen.org\/wp-content\/uploads\/2024\/02\/Ing_ProgramaLPH_01-300x192.jpg 300w\" sizes=\"(max-width: 34.9rem) calc(100vw - 2rem), (max-width: 53rem) calc(8 * (100vw \/ 12)), (min-width: 53rem) calc(6 * (100vw \/ 12)), 100vw\" \/>\t\t\t\t\t\t\t\t\t\t\t\t\t\t\t<\/div>\n\t\t\t\t<\/div>\n\t\t\t\t\t<\/div>\n\t\t<\/div>\n\t\t\t\t<div class=\"elementor-column elementor-col-33 elementor-top-column elementor-element elementor-element-8bebbd0\" data-id=\"8bebbd0\" data-element_type=\"column\" data-e-type=\"column\">\n\t\t\t<div class=\"elementor-widget-wrap elementor-element-populated\">\n\t\t\t\t\t\t<div class=\"elementor-element elementor-element-b532bca elementor-widget elementor-widget-image\" data-id=\"b532bca\" data-element_type=\"widget\" data-e-type=\"widget\" data-widget_type=\"image.default\">\n\t\t\t\t<div class=\"elementor-widget-container\">\n\t\t\t\t\t\t\t\t\t\t\t\t\t\t\t<img decoding=\"async\" width=\"357\" height=\"228\" src=\"https:\/\/aproquen.org\/wp-content\/uploads\/2024\/02\/Ing_ProgramaLPH_02.jpg\" class=\"attachment-full size-full wp-image-28514\" alt=\"\" srcset=\"https:\/\/aproquen.org\/wp-content\/uploads\/2024\/02\/Ing_ProgramaLPH_02.jpg 357w, https:\/\/aproquen.org\/wp-content\/uploads\/2024\/02\/Ing_ProgramaLPH_02-300x192.jpg 300w\" sizes=\"(max-width: 34.9rem) calc(100vw - 2rem), (max-width: 53rem) calc(8 * (100vw \/ 12)), (min-width: 53rem) calc(6 * (100vw \/ 12)), 100vw\" \/>\t\t\t\t\t\t\t\t\t\t\t\t\t\t\t<\/div>\n\t\t\t\t<\/div>\n\t\t\t\t\t<\/div>\n\t\t<\/div>\n\t\t\t\t<div class=\"elementor-column elementor-col-33 elementor-top-column elementor-element elementor-element-186acd8\" data-id=\"186acd8\" data-element_type=\"column\" data-e-type=\"column\">\n\t\t\t<div class=\"elementor-widget-wrap elementor-element-populated\">\n\t\t\t\t\t\t<div class=\"elementor-element elementor-element-8d81ff1 elementor-widget elementor-widget-image\" data-id=\"8d81ff1\" data-element_type=\"widget\" data-e-type=\"widget\" data-widget_type=\"image.default\">\n\t\t\t\t<div class=\"elementor-widget-container\">\n\t\t\t\t\t\t\t\t\t\t\t\t\t\t\t<img decoding=\"async\" width=\"357\" height=\"228\" src=\"https:\/\/aproquen.org\/wp-content\/uploads\/2024\/02\/Ing_ProgramaLPH_03.jpg\" class=\"attachment-full size-full wp-image-28517\" alt=\"\" srcset=\"https:\/\/aproquen.org\/wp-content\/uploads\/2024\/02\/Ing_ProgramaLPH_03.jpg 357w, https:\/\/aproquen.org\/wp-content\/uploads\/2024\/02\/Ing_ProgramaLPH_03-300x192.jpg 300w\" sizes=\"(max-width: 34.9rem) calc(100vw - 2rem), (max-width: 53rem) calc(8 * (100vw \/ 12)), (min-width: 53rem) calc(6 * (100vw \/ 12)), 100vw\" \/>\t\t\t\t\t\t\t\t\t\t\t\t\t\t\t<\/div>\n\t\t\t\t<\/div>\n\t\t\t\t\t<\/div>\n\t\t<\/div>\n\t\t\t\t\t<\/div>\n\t\t<\/section>\n\t\t\t\t<section class=\"elementor-section elementor-top-section elementor-element elementor-element-7e7219a elementor-section-boxed elementor-section-height-default elementor-section-height-default\" data-id=\"7e7219a\" data-element_type=\"section\" data-e-type=\"section\" data-settings=\"{&quot;background_background&quot;:&quot;classic&quot;}\">\n\t\t\t\t\t\t<div class=\"elementor-container elementor-column-gap-default\">\n\t\t\t\t\t<div class=\"elementor-column elementor-col-100 elementor-top-column elementor-element elementor-element-f983fc5\" data-id=\"f983fc5\" data-element_type=\"column\" data-e-type=\"column\" data-settings=\"{&quot;background_background&quot;:&quot;classic&quot;}\">\n\t\t\t<div class=\"elementor-widget-wrap elementor-element-populated\">\n\t\t\t\t\t\t<div class=\"elementor-element elementor-element-5c7f64e elementor-widget elementor-widget-text-editor\" data-id=\"5c7f64e\" data-element_type=\"widget\" data-e-type=\"widget\" data-widget_type=\"text-editor.default\">\n\t\t\t\t<div class=\"elementor-widget-container\">\n\t\t\t\t\t\t\t\t\t<p><strong>APROQUEN<\/strong> tambi\u00e9n proporciona leche de f\u00f3rmula y biberones especiales para ayudar a reemplazar la p\u00e9rdida de calor\u00edas de los ni\u00f1os que nacen con labio y paladar hendido.<\/p><p>\u00a0<\/p>\t\t\t\t\t\t\t\t<\/div>\n\t\t\t\t<\/div>\n\t\t\t\t\t<\/div>\n\t\t<\/div>\n\t\t\t\t\t<\/div>\n\t\t<\/section>\n\t\t\t\t<section class=\"elementor-section elementor-top-section elementor-element elementor-element-d2017d4 elementor-section-full_width elementor-section-height-default elementor-section-height-default\" data-id=\"d2017d4\" data-element_type=\"section\" data-e-type=\"section\" data-settings=\"{&quot;background_background&quot;:&quot;classic&quot;}\">\n\t\t\t\t\t\t<div class=\"elementor-container elementor-column-gap-default\">\n\t\t\t\t\t<div class=\"elementor-column elementor-col-50 elementor-top-column elementor-element elementor-element-225bca6\" data-id=\"225bca6\" data-element_type=\"column\" data-e-type=\"column\">\n\t\t\t<div class=\"elementor-widget-wrap elementor-element-populated\">\n\t\t\t\t\t\t<div class=\"elementor-element elementor-element-0e1f955 elementor-widget elementor-widget-heading\" data-id=\"0e1f955\" data-element_type=\"widget\" data-e-type=\"widget\" data-widget_type=\"heading.default\">\n\t\t\t\t<div class=\"elementor-widget-container\">\n\t\t\t\t\t<h2 class=\"elementor-heading-title elementor-size-default\">Integral Care of the patient with Cleft Lip &amp; Palate:\n\n<\/h2>\t\t\t\t<\/div>\n\t\t\t\t<\/div>\n\t\t\t\t<div class=\"elementor-element elementor-element-813e14d elementor-widget elementor-widget-text-editor\" data-id=\"813e14d\" data-element_type=\"widget\" data-e-type=\"widget\" data-widget_type=\"text-editor.default\">\n\t\t\t\t<div class=\"elementor-widget-container\">\n\t\t\t\t\t\t\t\t\t<ul><li>Pediatric Odontology.<\/li><li>Nutrition Management.<\/li><li>Psychological Care for Patients and Families.<\/li><li>Speech Therapy.<\/li><li>Orthodontics.<\/li><li>Plastic and Reconstructive surgery.<\/li><li>Otorhinolaryngology.<\/li><li>Oral Health of the patient and Family Education.<\/li><li>\u00a0<\/li><\/ul>\t\t\t\t\t\t\t\t<\/div>\n\t\t\t\t<\/div>\n\t\t\t\t\t<\/div>\n\t\t<\/div>\n\t\t\t\t<div class=\"elementor-column elementor-col-50 elementor-top-column elementor-element elementor-element-74592d0\" data-id=\"74592d0\" data-element_type=\"column\" data-e-type=\"column\">\n\t\t\t<div class=\"elementor-widget-wrap elementor-element-populated\">\n\t\t\t\t\t\t<div class=\"elementor-element elementor-element-30a2f66 elementor-widget elementor-widget-image\" data-id=\"30a2f66\" data-element_type=\"widget\" data-e-type=\"widget\" data-widget_type=\"image.default\">\n\t\t\t\t<div class=\"elementor-widget-container\">\n\t\t\t\t\t\t\t\t\t\t\t\t\t\t\t<img loading=\"lazy\" decoding=\"async\" width=\"612\" height=\"701\" src=\"https:\/\/aproquen.org\/wp-content\/uploads\/2022\/03\/LPH_Nin\u0303os-min.png\" class=\"attachment-full size-full wp-image-25656\" alt=\"\" srcset=\"https:\/\/aproquen.org\/wp-content\/uploads\/2022\/03\/LPH_Nin\u0303os-min.png 612w, https:\/\/aproquen.org\/wp-content\/uploads\/2022\/03\/LPH_Nin\u0303os-min-262x300.png 262w, https:\/\/aproquen.org\/wp-content\/uploads\/2022\/03\/LPH_Nin\u0303os-min-600x687.png 600w\" sizes=\"(max-width: 34.9rem) calc(100vw - 2rem), (max-width: 53rem) calc(8 * (100vw \/ 12)), (min-width: 53rem) calc(6 * (100vw \/ 12)), 100vw\" \/>\t\t\t\t\t\t\t\t\t\t\t\t\t\t\t<\/div>\n\t\t\t\t<\/div>\n\t\t\t\t\t<\/div>\n\t\t<\/div>\n\t\t\t\t\t<\/div>\n\t\t<\/section>\n\t\t\t\t<section class=\"elementor-section elementor-top-section elementor-element elementor-element-046e20d elementor-section-boxed elementor-section-height-default elementor-section-height-default\" data-id=\"046e20d\" data-element_type=\"section\" data-e-type=\"section\">\n\t\t\t\t\t\t<div class=\"elementor-container elementor-column-gap-default\">\n\t\t\t\t\t<div class=\"elementor-column elementor-col-100 elementor-top-column elementor-element elementor-element-7f9c471\" data-id=\"7f9c471\" data-element_type=\"column\" data-e-type=\"column\">\n\t\t\t<div class=\"elementor-widget-wrap elementor-element-populated\">\n\t\t\t\t\t\t<div class=\"elementor-element elementor-element-3ebc9b0 elementor-icon-list--layout-inline elementor-align-center elementor-list-item-link-full_width elementor-widget elementor-widget-icon-list\" data-id=\"3ebc9b0\" data-element_type=\"widget\" data-e-type=\"widget\" data-widget_type=\"icon-list.default\">\n\t\t\t\t<div class=\"elementor-widget-container\">\n\t\t\t\t\t\t\t<ul class=\"elementor-icon-list-items elementor-inline-items\">\n\t\t\t\t\t\t\t<li class=\"elementor-icon-list-item elementor-inline-item\">\n\t\t\t\t\t\t\t\t\t\t\t<a href=\"https:\/\/aproquen.org\/en\/burn-patients\/\">\n\n\t\t\t\t\t\t\t\t\t\t\t\t<span class=\"elementor-icon-list-icon\">\n\t\t\t\t\t\t\t<i aria-hidden=\"true\" class=\"fas fa-check\"><\/i>\t\t\t\t\t\t<\/span>\n\t\t\t\t\t\t\t\t\t\t<span class=\"elementor-icon-list-text\">Burn Patients<\/span>\n\t\t\t\t\t\t\t\t\t\t\t<\/a>\n\t\t\t\t\t\t\t\t\t<\/li>\n\t\t\t\t\t\t\t\t<li class=\"elementor-icon-list-item elementor-inline-item\">\n\t\t\t\t\t\t\t\t\t\t\t<a href=\"https:\/\/aproquen.org\/en\/medical-brigades\/\">\n\n\t\t\t\t\t\t\t\t\t\t\t\t<span class=\"elementor-icon-list-icon\">\n\t\t\t\t\t\t\t<i aria-hidden=\"true\" class=\"fas fa-check\"><\/i>\t\t\t\t\t\t<\/span>\n\t\t\t\t\t\t\t\t\t\t<span class=\"elementor-icon-list-text\">Medical Brigades<\/span>\n\t\t\t\t\t\t\t\t\t\t\t<\/a>\n\t\t\t\t\t\t\t\t\t<\/li>\n\t\t\t\t\t\t\t\t<li class=\"elementor-icon-list-item elementor-inline-item\">\n\t\t\t\t\t\t\t\t\t\t\t<a href=\"https:\/\/aproquen.org\/2022\/prevencion-de-quemaduras\/\">\n\n\t\t\t\t\t\t\t\t\t\t\t\t<span class=\"elementor-icon-list-icon\">\n\t\t\t\t\t\t\t<i aria-hidden=\"true\" class=\"fas fa-check\"><\/i>\t\t\t\t\t\t<\/span>\n\t\t\t\t\t\t\t\t\t\t<span class=\"elementor-icon-list-text\">Burn Prevention<\/span>\n\t\t\t\t\t\t\t\t\t\t\t<\/a>\n\t\t\t\t\t\t\t\t\t<\/li>\n\t\t\t\t\t\t\t\t<li class=\"elementor-icon-list-item elementor-inline-item\">\n\t\t\t\t\t\t\t\t\t\t\t<a href=\"https:\/\/aproquen.org\/en\/shelter-home\">\n\n\t\t\t\t\t\t\t\t\t\t\t\t<span class=\"elementor-icon-list-icon\">\n\t\t\t\t\t\t\t<i aria-hidden=\"true\" class=\"fas fa-check\"><\/i>\t\t\t\t\t\t<\/span>\n\t\t\t\t\t\t\t\t\t\t<span class=\"elementor-icon-list-text\">Shelter Home<\/span>\n\t\t\t\t\t\t\t\t\t\t\t<\/a>\n\t\t\t\t\t\t\t\t\t<\/li>\n\t\t\t\t\t\t<\/ul>\n\t\t\t\t\t\t<\/div>\n\t\t\t\t<\/div>\n\t\t\t\t\t<\/div>\n\t\t<\/div>\n\t\t\t\t\t<\/div>\n\t\t<\/section>\n\t\t\t\t<section class=\"elementor-section elementor-top-section elementor-element elementor-element-5ea4691 elementor-section-boxed elementor-section-height-default elementor-section-height-default\" data-id=\"5ea4691\" data-element_type=\"section\" data-e-type=\"section\">\n\t\t\t\t\t\t<div class=\"elementor-container elementor-column-gap-default\">\n\t\t\t\t\t<div class=\"elementor-column elementor-col-100 elementor-top-column elementor-element elementor-element-d6b0805\" data-id=\"d6b0805\" data-element_type=\"column\" data-e-type=\"column\">\n\t\t\t<div class=\"elementor-widget-wrap elementor-element-populated\">\n\t\t\t\t\t\t\t<\/div>\n\t\t<\/div>\n\t\t\t\t\t<\/div>\n\t\t<\/section>\n\t\t\t\t<\/div>\n\t\t","protected":false},"excerpt":{"rendered":"<p>Cleft Lip &#038; Palate Program APROQUEN tambi\u00e9n proporciona leche de f\u00f3rmula y biberones especiales para ayudar a reemplazar la p\u00e9rdida de calor\u00edas de los ni\u00f1os que nacen con labio y paladar hendido. \u00a0 Integral Care of the patient with Cleft Lip &#038; Palate: Pediatric Odontology. Nutrition Management. Psychological Care for Patients and Families. Speech Therapy. [&hellip;]<\/p>\n","protected":false},"author":1,"featured_media":0,"parent":0,"menu_order":0,"comment_status":"closed","ping_status":"closed","template":"elementor_header_footer","meta":{"footnotes":""},"class_list":["post-26012","page","type-page","status-publish","hentry","entry"],"yoast_head":"<!-- This site is optimized with the Yoast SEO plugin v27.1.1 - https:\/\/yoast.com\/product\/yoast-seo-wordpress\/ -->\n<title>Cleft Lip &amp; Palate\ufffc - APROQUEN<\/title>\n<meta name=\"robots\" content=\"index, follow, max-snippet:-1, max-image-preview:large, max-video-preview:-1\" \/>\n<link rel=\"canonical\" href=\"https:\/\/aproquen.org\/en\/cleft-lip-palate\/\" \/>\n<meta property=\"og:locale\" content=\"en_US\" \/>\n<meta property=\"og:type\" content=\"article\" \/>\n<meta property=\"og:title\" content=\"Cleft Lip &amp; Palate\ufffc - APROQUEN\" \/>\n<meta property=\"og:description\" content=\"Cleft Lip &#038; Palate Program APROQUEN tambi\u00e9n proporciona leche de f\u00f3rmula y biberones especiales para ayudar a reemplazar la p\u00e9rdida de calor\u00edas de los ni\u00f1os que nacen con labio y paladar hendido. \u00a0 Integral Care of the patient with Cleft Lip &#038; Palate: Pediatric Odontology. Nutrition Management. Psychological Care for Patients and Families. Speech Therapy. [&hellip;]\" \/>\n<meta property=\"og:url\" content=\"https:\/\/aproquen.org\/en\/cleft-lip-palate\/\" \/>\n<meta property=\"og:site_name\" content=\"APROQUEN\" \/>\n<meta property=\"article:modified_time\" content=\"2024-02-14T15:36:39+00:00\" \/>\n<meta property=\"og:image\" content=\"https:\/\/aproquen.org\/wp-content\/uploads\/2024\/02\/Ing_ProgramaLPH_01.jpg\" \/>\n<meta name=\"twitter:card\" content=\"summary_large_image\" \/>\n<meta name=\"twitter:label1\" content=\"Est. reading time\" \/>\n\t<meta name=\"twitter:data1\" content=\"2 minutes\" \/>\n<script type=\"application\/ld+json\" class=\"yoast-schema-graph\">{\"@context\":\"https:\/\/schema.org\",\"@graph\":[{\"@type\":\"WebPage\",\"@id\":\"https:\/\/aproquen.org\/en\/cleft-lip-palate\/\",\"url\":\"https:\/\/aproquen.org\/en\/cleft-lip-palate\/\",\"name\":\"Cleft Lip & Palate\ufffc - APROQUEN\",\"isPartOf\":{\"@id\":\"https:\/\/aproquen.org\/#website\"},\"primaryImageOfPage\":{\"@id\":\"https:\/\/aproquen.org\/en\/cleft-lip-palate\/#primaryimage\"},\"image\":{\"@id\":\"https:\/\/aproquen.org\/en\/cleft-lip-palate\/#primaryimage\"},\"thumbnailUrl\":\"https:\/\/aproquen.org\/wp-content\/uploads\/2024\/02\/Ing_ProgramaLPH_01.jpg\",\"datePublished\":\"2022-03-03T17:38:28+00:00\",\"dateModified\":\"2024-02-14T15:36:39+00:00\",\"inLanguage\":\"en-US\",\"potentialAction\":[{\"@type\":\"ReadAction\",\"target\":[\"https:\/\/aproquen.org\/en\/cleft-lip-palate\/\"]}]},{\"@type\":\"ImageObject\",\"inLanguage\":\"en-US\",\"@id\":\"https:\/\/aproquen.org\/en\/cleft-lip-palate\/#primaryimage\",\"url\":\"https:\/\/aproquen.org\/wp-content\/uploads\/2024\/02\/Ing_ProgramaLPH_01.jpg\",\"contentUrl\":\"https:\/\/aproquen.org\/wp-content\/uploads\/2024\/02\/Ing_ProgramaLPH_01.jpg\"},{\"@type\":\"WebSite\",\"@id\":\"https:\/\/aproquen.org\/#website\",\"url\":\"https:\/\/aproquen.org\/\",\"name\":\"APROQUEN\",\"description\":\"Ni\u00f1os quemados de nicaragua\",\"publisher\":{\"@id\":\"https:\/\/aproquen.org\/#organization\"},\"potentialAction\":[{\"@type\":\"SearchAction\",\"target\":{\"@type\":\"EntryPoint\",\"urlTemplate\":\"https:\/\/aproquen.org\/?s={search_term_string}\"},\"query-input\":{\"@type\":\"PropertyValueSpecification\",\"valueRequired\":true,\"valueName\":\"search_term_string\"}}],\"inLanguage\":\"en-US\"},{\"@type\":\"Organization\",\"@id\":\"https:\/\/aproquen.org\/#organization\",\"name\":\"APROQUEN\",\"url\":\"https:\/\/aproquen.org\/\",\"logo\":{\"@type\":\"ImageObject\",\"inLanguage\":\"en-US\",\"@id\":\"https:\/\/aproquen.org\/#\/schema\/logo\/image\/\",\"url\":\"https:\/\/aproquen.org\/wp-content\/uploads\/2021\/06\/pmr-logo.png\",\"contentUrl\":\"https:\/\/aproquen.org\/wp-content\/uploads\/2021\/06\/pmr-logo.png\",\"width\":182,\"height\":62,\"caption\":\"APROQUEN\"},\"image\":{\"@id\":\"https:\/\/aproquen.org\/#\/schema\/logo\/image\/\"}}]}<\/script>\n<!-- \/ Yoast SEO plugin. -->","yoast_head_json":{"title":"Cleft Lip & Palate\ufffc - APROQUEN","robots":{"index":"index","follow":"follow","max-snippet":"max-snippet:-1","max-image-preview":"max-image-preview:large","max-video-preview":"max-video-preview:-1"},"canonical":"https:\/\/aproquen.org\/en\/cleft-lip-palate\/","og_locale":"en_US","og_type":"article","og_title":"Cleft Lip & Palate\ufffc - APROQUEN","og_description":"Cleft Lip &#038; Palate Program APROQUEN tambi\u00e9n proporciona leche de f\u00f3rmula y biberones especiales para ayudar a reemplazar la p\u00e9rdida de calor\u00edas de los ni\u00f1os que nacen con labio y paladar hendido. \u00a0 Integral Care of the patient with Cleft Lip &#038; Palate: Pediatric Odontology. Nutrition Management. Psychological Care for Patients and Families. Speech Therapy. [&hellip;]","og_url":"https:\/\/aproquen.org\/en\/cleft-lip-palate\/","og_site_name":"APROQUEN","article_modified_time":"2024-02-14T15:36:39+00:00","og_image":[{"url":"https:\/\/aproquen.org\/wp-content\/uploads\/2024\/02\/Ing_ProgramaLPH_01.jpg","type":"","width":"","height":""}],"twitter_card":"summary_large_image","twitter_misc":{"Est. reading time":"2 minutes"},"schema":{"@context":"https:\/\/schema.org","@graph":[{"@type":"WebPage","@id":"https:\/\/aproquen.org\/en\/cleft-lip-palate\/","url":"https:\/\/aproquen.org\/en\/cleft-lip-palate\/","name":"Cleft Lip & Palate\ufffc - APROQUEN","isPartOf":{"@id":"https:\/\/aproquen.org\/#website"},"primaryImageOfPage":{"@id":"https:\/\/aproquen.org\/en\/cleft-lip-palate\/#primaryimage"},"image":{"@id":"https:\/\/aproquen.org\/en\/cleft-lip-palate\/#primaryimage"},"thumbnailUrl":"https:\/\/aproquen.org\/wp-content\/uploads\/2024\/02\/Ing_ProgramaLPH_01.jpg","datePublished":"2022-03-03T17:38:28+00:00","dateModified":"2024-02-14T15:36:39+00:00","inLanguage":"en-US","potentialAction":[{"@type":"ReadAction","target":["https:\/\/aproquen.org\/en\/cleft-lip-palate\/"]}]},{"@type":"ImageObject","inLanguage":"en-US","@id":"https:\/\/aproquen.org\/en\/cleft-lip-palate\/#primaryimage","url":"https:\/\/aproquen.org\/wp-content\/uploads\/2024\/02\/Ing_ProgramaLPH_01.jpg","contentUrl":"https:\/\/aproquen.org\/wp-content\/uploads\/2024\/02\/Ing_ProgramaLPH_01.jpg"},{"@type":"WebSite","@id":"https:\/\/aproquen.org\/#website","url":"https:\/\/aproquen.org\/","name":"APROQUEN","description":"Ni\u00f1os quemados de nicaragua","publisher":{"@id":"https:\/\/aproquen.org\/#organization"},"potentialAction":[{"@type":"SearchAction","target":{"@type":"EntryPoint","urlTemplate":"https:\/\/aproquen.org\/?s={search_term_string}"},"query-input":{"@type":"PropertyValueSpecification","valueRequired":true,"valueName":"search_term_string"}}],"inLanguage":"en-US"},{"@type":"Organization","@id":"https:\/\/aproquen.org\/#organization","name":"APROQUEN","url":"https:\/\/aproquen.org\/","logo":{"@type":"ImageObject","inLanguage":"en-US","@id":"https:\/\/aproquen.org\/#\/schema\/logo\/image\/","url":"https:\/\/aproquen.org\/wp-content\/uploads\/2021\/06\/pmr-logo.png","contentUrl":"https:\/\/aproquen.org\/wp-content\/uploads\/2021\/06\/pmr-logo.png","width":182,"height":62,"caption":"APROQUEN"},"image":{"@id":"https:\/\/aproquen.org\/#\/schema\/logo\/image\/"}}]}},"_links":{"self":[{"href":"https:\/\/aproquen.org\/en\/wp-json\/wp\/v2\/pages\/26012","targetHints":{"allow":["GET"]}}],"collection":[{"href":"https:\/\/aproquen.org\/en\/wp-json\/wp\/v2\/pages"}],"about":[{"href":"https:\/\/aproquen.org\/en\/wp-json\/wp\/v2\/types\/page"}],"author":[{"embeddable":true,"href":"https:\/\/aproquen.org\/en\/wp-json\/wp\/v2\/users\/1"}],"replies":[{"embeddable":true,"href":"https:\/\/aproquen.org\/en\/wp-json\/wp\/v2\/comments?post=26012"}],"version-history":[{"count":31,"href":"https:\/\/aproquen.org\/en\/wp-json\/wp\/v2\/pages\/26012\/revisions"}],"predecessor-version":[{"id":28522,"href":"https:\/\/aproquen.org\/en\/wp-json\/wp\/v2\/pages\/26012\/revisions\/28522"}],"wp:attachment":[{"href":"https:\/\/aproquen.org\/en\/wp-json\/wp\/v2\/media?parent=26012"}],"curies":[{"name":"wp","href":"https:\/\/api.w.org\/{rel}","templated":true}]}}